{"id":134,"date":"2025-09-12T09:22:41","date_gmt":"2025-09-12T09:22:41","guid":{"rendered":"https:\/\/cireid.grf.unizg.hr\/?page_id=134"},"modified":"2026-01-27T08:06:04","modified_gmt":"2026-01-27T08:06:04","slug":"publikacije","status":"publish","type":"page","link":"https:\/\/cireid.grf.unizg.hr\/en\/publikacije\/","title":{"rendered":"Publications"},"content":{"rendered":"<div class=\"wp-block-group alignfull is-vertical is-layout-flex wp-container-core-group-is-layout-fe9cc265 wp-block-group-is-layout-flex\">\n<figure class=\"wp-block-table is-style-stripes has-small-font-size\" style=\"margin-top:0;margin-right:var(--wp--preset--spacing--80);margin-bottom:0;margin-left:var(--wp--preset--spacing--80)\"><table class=\"has-contrast-color has-text-color has-link-color has-fixed-layout\" style=\"border-style:none;border-width:0px\"><thead><tr><th class=\"has-text-align-left\" data-align=\"left\">Year<\/th><th class=\"has-text-align-left\" data-align=\"left\">Title<\/th><th class=\"has-text-align-left\" data-align=\"left\">References<\/th><th class=\"has-text-align-left\" data-align=\"left\">Authors<\/th><\/tr><\/thead><tbody><tr><td class=\"has-text-align-left\" data-align=\"left\">2025<\/td><td class=\"has-text-align-left\" data-align=\"left\">Towards sustainable conductive inks for RFID antennas<\/td><td class=\"has-text-align-left\" data-align=\"left\"><a href=\"https:\/\/www.croris.hr\/crosbi\/publikacija\/prilog-skup\/914596\">https:\/\/www.croris.hr\/crosbi\/publikacija\/prilog-skup\/914596<\/a><\/td><td class=\"has-text-align-left\" data-align=\"left\">Kul\u010dar, Rahela; \u0160ar\u010devi\u0107, Iva; Itri\u0107 Ivanda, Katarina<\/td><\/tr><tr><td class=\"has-text-align-left\" data-align=\"left\">2025<\/td><td class=\"has-text-align-left\" data-align=\"left\">Communication Strategies that Empower Elderly Product Users<\/td><td class=\"has-text-align-left\" data-align=\"left\"><a href=\"https:\/\/www.croris.hr\/crosbi\/publikacija\/prilog-skup\/914472\">https:\/\/www.croris.hr\/crosbi\/publikacija\/prilog-skup\/914472<\/a><\/td><td class=\"has-text-align-left\" data-align=\"left\">Musti\u0107, Daria<\/td><\/tr><tr><td class=\"has-text-align-left\" data-align=\"left\">2025<\/td><td class=\"has-text-align-left\" data-align=\"left\">Functional Starch-Based Biopolymer Coatings for Sustainable Packaging Applications<\/td><td class=\"has-text-align-left\" data-align=\"left\"><a href=\"https:\/\/www.mdpi.com\/2073-4360\/17\/24\/3303\">https:\/\/www.mdpi.com\/2073-4360\/17\/24\/3303<\/a><\/td><td class=\"has-text-align-left\" data-align=\"left\">Lukavski, Teodora; Bota, Josip; Budimir, Ivan; Itri\u0107 Ivanda, Katarina; Kul\u010dar, Rahela; Vukoje, Marina<\/td><\/tr><tr><td class=\"has-text-align-left\" data-align=\"left\">2025<\/td><td class=\"has-text-align-left\" data-align=\"left\">Analiza efikasnosti ekolo\u0161ki &nbsp;prihvatljivih premaza i njihovog utjecaja na&nbsp;kolorimetrijske karakteristike termokromnih otisaka (diplomski rad)<\/td><td class=\"has-text-align-left\" data-align=\"left\"><a href=\"https:\/\/www.croris.hr\/crosbi\/publikacija\/ocjenski-rad\/899885\">https:\/\/www.croris.hr\/crosbi\/publikacija\/ocjenski-rad\/899885<\/a><\/td><td class=\"has-text-align-left\" data-align=\"left\">Lu\u0161i\u0107, Petra; Kul\u010dar, Rahela (mentor)<\/td><\/tr><tr><td class=\"has-text-align-left\" data-align=\"left\">2025<\/td><td class=\"has-text-align-left\" data-align=\"left\">Influence of Glycerol Concentration on the Wetting Properties of the Methylcellulose Coating<\/td><td class=\"has-text-align-left\" data-align=\"left\"><a href=\"https:\/\/www.ntf.uni-lj.si\/igt\/wp-content\/uploads\/sites\/8\/2025\/05\/CIGT2025_proceedings.pdf\">https:\/\/www.ntf.uni-lj.si\/igt\/wp-content\/uploads\/sites\/8\/2025\/05\/CIGT2025_proceedings.pdf<\/a><\/td><td class=\"has-text-align-left\" data-align=\"left\">Cigula, Tomislav; Lukavski, Teodora; Vukoje, Marina; Kul\u010dar, Rahela; Itri\u0107 Ivanda, Katarina<\/td><\/tr><tr><td class=\"has-text-align-left\" data-align=\"left\">2025<\/td><td class=\"has-text-align-left\" data-align=\"left\">Environmentally Friendly Coatings and their Effect on Thermochromic Printing Ink Functionality<\/td><td class=\"has-text-align-left\" data-align=\"left\"><a href=\"https:\/\/www.ntf.uni-lj.si\/igt\/wp-content\/uploads\/sites\/8\/2025\/05\/CIGT2025_proceedings.pdf\" target=\"_blank\" rel=\"noreferrer noopener\">https:\/\/www.ntf.uni-lj.si\/igt\/wp-content\/uploads\/sites\/8\/2025\/05\/CIGT2025_proceedings.pdf<\/a><\/td><td class=\"has-text-align-left\" data-align=\"left\">Lukavski, Teodora; Kul\u010dar, Rahela; Vukoje, Marina; Itri\u0107 Ivanda, Katarina; <br>Cigula, Tomislav<\/td><\/tr><tr><td class=\"has-text-align-left\" data-align=\"left\">2025<\/td><td class=\"has-text-align-left\" data-align=\"left\">Evaluacija promjene boje uslijed aplikacije premaza na bazi tapioka \u0161kroba<\/td><td class=\"has-text-align-left\" data-align=\"left\"><a href=\"https:\/\/www.croris.hr\/crosbi\/publikacija\/ocjenski-rad\/914274\">https:\/\/www.croris.hr\/crosbi\/publikacija\/ocjenski-rad\/914274<\/a><\/td><td class=\"has-text-align-left\" data-align=\"left\">Jelu\u0161i\u0107, Amanda; Cigula, Tomislav (mentor); Lukavski, Teodora (neposredni voditelj)<\/td><\/tr><tr><td class=\"has-text-align-left\" data-align=\"left\">2025<\/td><td class=\"has-text-align-left\" data-align=\"left\">Impact of Packaging Design on the Independence of Older People<\/td><td class=\"has-text-align-left\" data-align=\"left\"><a href=\"https:\/\/doi.org\/10.33422\/agconf.v2i1.1026\" target=\"_blank\" rel=\"noreferrer noopener\">10.33422\/agconf.v2i1.1026<\/a><\/td><td class=\"has-text-align-left\" data-align=\"left\">Musti\u0107, Daria; Cigula, Tomislav; Kova\u010devi\u0107, Dorotea<\/td><\/tr><tr><td class=\"has-text-align-left\" data-align=\"left\">2025<\/td><td class=\"has-text-align-left\" data-align=\"left\">Adaptation of Packaging for the Elderly Population: Challenges and Opportunities of Inclusive Design<\/td><td class=\"has-text-align-left\" data-align=\"left\"><a href=\"https:\/\/doi.org\/10.33422\/agconf.v2i1.1025\" target=\"_blank\" rel=\"noreferrer noopener\">10.33422\/agconf.v2i1.1025<\/a><\/td><td class=\"has-text-align-left\" data-align=\"left\"><br>Musti\u0107, Daria; Cigula, Tomislav; Kova\u010devi\u0107, Dorotea<\/td><\/tr><tr><td class=\"has-text-align-left\" data-align=\"left\">2025<\/td><td class=\"has-text-align-left\" data-align=\"left\">Premazi na bazi biokomponenti<\/td><td class=\"has-text-align-left\" data-align=\"left\"><a href=\"https:\/\/www.croris.hr\/crosbi\/publikacija\/ocjenski-rad\/899883\">https:\/\/www.croris.hr\/crosbi\/publikacija\/ocjenski-rad\/899883<\/a><\/td><td class=\"has-text-align-left\" data-align=\"left\">Me\u0161trovi\u0107, Ivana; Vukoje Bezjak, Marina (mentor); Lukavski, Teodora (neposredni voditelj)<\/td><\/tr><tr><td class=\"has-text-align-left\" data-align=\"left\">2025<\/td><td class=\"has-text-align-left\" data-align=\"left\">Biokomponente iz otpadnih izvora za primjenu u grafi\u010dkoj tehnologiji<\/td><td class=\"has-text-align-left\" data-align=\"left\"><a href=\"https:\/\/www.croris.hr\/crosbi\/publikacija\/ocjenski-rad\/899875\">https:\/\/www.croris.hr\/crosbi\/publikacija\/ocjenski-rad\/899875<\/a><\/td><td class=\"has-text-align-left\" data-align=\"left\">Humski, Maja; Vukoje Bezjak, Marina (mentor); Lukavski , Teodora (neposredni voditelj)<\/td><\/tr><tr><td class=\"has-text-align-left\" data-align=\"left\">2025<\/td><td class=\"has-text-align-left\" data-align=\"left\">Karakterizacija premaza na bazi biokomponenti<\/td><td class=\"has-text-align-left\" data-align=\"left\"><a href=\"https:\/\/www.croris.hr\/crosbi\/publikacija\/ocjenski-rad\/899867\">https:\/\/www.croris.hr\/crosbi\/publikacija\/ocjenski-rad\/899867<\/a><\/td><td class=\"has-text-align-left\" data-align=\"left\">Engerini, Lamia; Vukoje Bezjak, Marina (mentor)<\/td><\/tr><tr><td class=\"has-text-align-left\" data-align=\"left\">2024<\/td><td class=\"has-text-align-left\" data-align=\"left\">Za\u0161titni premaz s alantoinom u o\u010duvanju kvalitete otisaka<\/td><td class=\"has-text-align-left\" data-align=\"left\"><a href=\"https:\/\/www.croris.hr\/crosbi\/publikacija\/ocjenski-rad\/860297\">https:\/\/www.croris.hr\/crosbi\/publikacija\/ocjenski-rad\/860297<\/a><\/td><td class=\"has-text-align-left\" data-align=\"left\">Koleni\u0107, Borna; Cigula, Tomislav (mentor)<\/td><\/tr><tr><td class=\"has-text-align-left\" data-align=\"left\">2024<\/td><td class=\"has-text-align-left\" data-align=\"left\">Stabilnost vodljivih tankih filmova na bazi srebra otisnutih sitotiskom na vlaknatim podlogama<\/td><td class=\"has-text-align-left\" data-align=\"left\"><a href=\"https:\/\/www.croris.hr\/crosbi\/publikacija\/ocjenski-rad\/848572\">https:\/\/www.croris.hr\/crosbi\/publikacija\/ocjenski-rad\/848572<\/a><\/td><td class=\"has-text-align-left\" data-align=\"left\">Makovac. Lana; Itri\u0107 Ivanda, Katarina (mentor)<\/td><\/tr><tr><td class=\"has-text-align-left\" data-align=\"left\">2024<\/td><td class=\"has-text-align-left\" data-align=\"left\">Adding Quercetin Water Based Coating To Diminish Uv Degradation Of Thermochromic Prints<\/td><td class=\"has-text-align-left\" data-align=\"left\"><a href=\"https:\/\/www.ntf.uni-lj.si\/igt\/wp-content\/uploads\/sites\/8\/2023\/10\/Zbornik-CIGT-2024.pdf\" target=\"_blank\" rel=\"noreferrer noopener\">https:\/\/www.ntf.uni-lj.si\/igt\/wp-content\/uploads\/sites\/8\/2023\/10\/Zbornik-CIGT-2024.pdf<\/a><\/td><td class=\"has-text-align-left\" data-align=\"left\">Cigula, Tomislav; Me\u0161trovi\u0107, Ivana; Vukoje, Marina; Kul\u010dar, Rahela; Itri\u0107 Ivanda, Katarina<\/td><\/tr><tr><td class=\"has-text-align-left\" data-align=\"left\">2024<\/td><td class=\"has-text-align-left\" data-align=\"left\">Addition Of Allantoin To The Water Dispersive Varnish For Cardboard Packaging<\/td><td class=\"has-text-align-left\" data-align=\"left\"><a href=\"https:\/\/www.grid.uns.ac.rs\/symposium\/download\/2024\/53.pdf\" target=\"_blank\" rel=\"noreferrer noopener\">10.24867\/grid-2024-p53<\/a><\/td><td class=\"has-text-align-left\" data-align=\"left\">Cigula, Tomislav; Koleni\u0107, Borna; Vukoje, Marina; Kul\u010dar, Rahela; Itri\u0107 Ivanda, Katarina<\/td><\/tr><tr><td class=\"has-text-align-left\" data-align=\"left\">2024<\/td><td class=\"has-text-align-left\" data-align=\"left\">Stability of silver based conductive films&nbsp;&nbsp; on cellulose based<\/td><td class=\"has-text-align-left\" data-align=\"left\"><a href=\"https:\/\/www.grid.uns.ac.rs\/symposium\/download\/2024\/79.pdf\" target=\"_blank\" rel=\"noreferrer noopener\">10.24867\/GRID-2024-p79<\/a><\/td><td class=\"has-text-align-left\" data-align=\"left\">Itri\u0107 Ivanda, Katarina; Makovec, Lana; Cigula, Tomislav; Vukoje, Marina; Kul\u010dar, Rahela<\/td><\/tr><tr><td class=\"has-text-align-left\" data-align=\"left\">2024<\/td><td class=\"has-text-align-left\" data-align=\"left\">Natural Substances As Protective Agents Against Photodegradation<\/td><td class=\"has-text-align-left\" data-align=\"left\"><a href=\"https:\/\/www.grid.uns.ac.rs\/symposium\/download\/2024\/50.pdf\" target=\"_blank\" rel=\"noreferrer noopener\">10.24867\/grid-2024-p50<\/a><\/td><td class=\"has-text-align-left\" data-align=\"left\">Vukoje, Marina; Malenica, Ivan; Lukavski, Teodora; Kul\u010dar, Rahela; Itri\u0107 Ivanda, Katarina<\/td><\/tr><\/tbody><\/table><\/figure>\n<\/div>","protected":false},"excerpt":{"rendered":"<p>Godina Naslov Poveznice Autori 2025 Towards sustainable conductive inks for RFID antennas https:\/\/www.croris.hr\/crosbi\/publikacija\/prilog-skup\/914596 Kul\u010dar, Rahela; \u0160ar\u010devi\u0107, Iva; Itri\u0107 Ivanda, Katarina 2025 Communication Strategies that Empower Elderly Product Users https:\/\/www.croris.hr\/crosbi\/publikacija\/prilog-skup\/914472 Musti\u0107, Daria 2025 Functional Starch-Based Biopolymer Coatings for Sustainable Packaging Applications https:\/\/www.mdpi.com\/2073-4360\/17\/24\/3303 Lukavski, Teodora; Bota, Josip; Budimir, Ivan; Itri\u0107 Ivanda, Katarina; Kul\u010dar, Rahela; Vukoje, Marina 2025 [&hellip;]<\/p>","protected":false},"author":3,"featured_media":0,"parent":0,"menu_order":0,"comment_status":"closed","ping_status":"closed","template":"","meta":{"footnotes":""},"class_list":["post-134","page","type-page","status-publish","hentry"],"_links":{"self":[{"href":"https:\/\/cireid.grf.unizg.hr\/en\/wp-json\/wp\/v2\/pages\/134","targetHints":{"allow":["GET"]}}],"collection":[{"href":"https:\/\/cireid.grf.unizg.hr\/en\/wp-json\/wp\/v2\/pages"}],"about":[{"href":"https:\/\/cireid.grf.unizg.hr\/en\/wp-json\/wp\/v2\/types\/page"}],"author":[{"embeddable":true,"href":"https:\/\/cireid.grf.unizg.hr\/en\/wp-json\/wp\/v2\/users\/3"}],"replies":[{"embeddable":true,"href":"https:\/\/cireid.grf.unizg.hr\/en\/wp-json\/wp\/v2\/comments?post=134"}],"version-history":[{"count":10,"href":"https:\/\/cireid.grf.unizg.hr\/en\/wp-json\/wp\/v2\/pages\/134\/revisions"}],"predecessor-version":[{"id":300,"href":"https:\/\/cireid.grf.unizg.hr\/en\/wp-json\/wp\/v2\/pages\/134\/revisions\/300"}],"wp:attachment":[{"href":"https:\/\/cireid.grf.unizg.hr\/en\/wp-json\/wp\/v2\/media?parent=134"}],"curies":[{"name":"wp","href":"https:\/\/api.w.org\/{rel}","templated":true}]}}