{"id":136,"date":"2025-09-12T09:23:13","date_gmt":"2025-09-12T09:23:13","guid":{"rendered":"https:\/\/cireid.grf.unizg.hr\/?page_id=136"},"modified":"2026-01-23T11:48:51","modified_gmt":"2026-01-23T11:48:51","slug":"tim","status":"publish","type":"page","link":"https:\/\/cireid.grf.unizg.hr\/en\/tim\/","title":{"rendered":"Team"},"content":{"rendered":"<div class=\"wp-block-columns alignwide is-layout-flex wp-container-core-columns-is-layout-28f84493 wp-block-columns-is-layout-flex\">\n<div class=\"wp-block-column is-layout-flow wp-block-column-is-layout-flow\" style=\"flex-basis:33.33%\">\n<figure class=\"wp-block-image size-large\"><img loading=\"lazy\" decoding=\"async\" width=\"1024\" height=\"1016\" src=\"https:\/\/cireid.grf.unizg.hr\/wp-content\/uploads\/2024\/12\/Tomislav-1024x1016.jpg\" alt=\"\" class=\"wp-image-21\" srcset=\"https:\/\/cireid.grf.unizg.hr\/wp-content\/uploads\/2024\/12\/Tomislav-1024x1016.jpg 1024w, https:\/\/cireid.grf.unizg.hr\/wp-content\/uploads\/2024\/12\/Tomislav-300x298.jpg 300w, https:\/\/cireid.grf.unizg.hr\/wp-content\/uploads\/2024\/12\/Tomislav-150x150.jpg 150w, https:\/\/cireid.grf.unizg.hr\/wp-content\/uploads\/2024\/12\/Tomislav-768x762.jpg 768w, https:\/\/cireid.grf.unizg.hr\/wp-content\/uploads\/2024\/12\/Tomislav-1536x1524.jpg 1536w, https:\/\/cireid.grf.unizg.hr\/wp-content\/uploads\/2024\/12\/Tomislav-2048x2032.jpg 2048w\" sizes=\"auto, (max-width: 1024px) 100vw, 1024px\" \/><\/figure>\n<\/div>\n\n\n\n<div class=\"wp-block-column is-layout-flow wp-block-column-is-layout-flow\" style=\"flex-basis:66.66%\">\n<p><strong>Tomislav Cigula <br>Principal investigator<\/strong><\/p>\n\n\n\n<p>Tomislav Cigula started his graphic technology adventure in secondary school by learning to be a printer. He continued his development by earning graduate degree and PhD at University of Zagreb Faculty of Graphic Arts. Working career started as a teaching assistant at University of Zagreb Faculty of Graphic Arts, where he currently holds a position of associate professor.<br>At the beginning of his career he was part of the project team investigating printing forms and characterization of graphic materials. Later he began to take interest in overprint coatings with various functions. He was principal investigator of one bilateral and one national research projects.<br>In his free time he likes to be physically active and is an active member of the society through involvement in the voluntary fire brigade and a local vine producers association.<\/p>\n\n\n\n<p>Research Areas: <br>printing forms, ink-substrate interactions, functional coatings, quality assurance<\/p>\n\n\n\n<p class=\"has-contrast-color has-text-color has-link-color wp-elements-f9aceb4c4d510f1c2e934bb01e781ebe\">Poveznice:<br><a href=\"https:\/\/www.croris.hr\/osobe\/profil\/26671\">https:\/\/www.croris.hr\/osobe\/profil\/26671<\/a><br><a href=\"https:\/\/www.linkedin.com\/in\/tomislav-cigula-5b238290\/\">https:\/\/www.linkedin.com\/in\/tomislav-cigula-5b238290\/<\/a><\/p>\n\n\n\n<p>Contact<br>tomislav.cigula@grf.unizg.hr<\/p>\n<\/div>\n<\/div>\n\n\n\n<hr class=\"wp-block-separator has-alpha-channel-opacity is-style-default\" style=\"margin-top:var(--wp--preset--spacing--40);margin-bottom:var(--wp--preset--spacing--40)\"\/>\n\n\n\n<div class=\"wp-block-columns alignwide is-layout-flex wp-container-core-columns-is-layout-28f84493 wp-block-columns-is-layout-flex\">\n<div class=\"wp-block-column is-layout-flow wp-block-column-is-layout-flow\" style=\"flex-basis:33.33%\">\n<figure class=\"wp-block-image size-large\"><img loading=\"lazy\" decoding=\"async\" width=\"938\" height=\"1024\" src=\"https:\/\/cireid.grf.unizg.hr\/wp-content\/uploads\/2024\/12\/Marina-938x1024.jpg\" alt=\"\" class=\"wp-image-26\" srcset=\"https:\/\/cireid.grf.unizg.hr\/wp-content\/uploads\/2024\/12\/Marina-938x1024.jpg 938w, https:\/\/cireid.grf.unizg.hr\/wp-content\/uploads\/2024\/12\/Marina-275x300.jpg 275w, https:\/\/cireid.grf.unizg.hr\/wp-content\/uploads\/2024\/12\/Marina-768x839.jpg 768w, https:\/\/cireid.grf.unizg.hr\/wp-content\/uploads\/2024\/12\/Marina-1406x1536.jpg 1406w, https:\/\/cireid.grf.unizg.hr\/wp-content\/uploads\/2024\/12\/Marina-1875x2048.jpg 1875w\" sizes=\"auto, (max-width: 938px) 100vw, 938px\" \/><\/figure>\n<\/div>\n\n\n\n<div class=\"wp-block-column is-layout-flow wp-block-column-is-layout-flow\" style=\"flex-basis:66.66%\">\n<p><strong>Marina Vukoje Bezjak<br>Researcher<\/strong><\/p>\n\n\n\n<p class=\"has-contrast-color has-text-color has-link-color wp-elements-55f0a5f80daef1aaf1ae12d94ac2b23e\">Marina Vukoje Bezjak is an Assistant Professor and Vice Dean for science and international relations at the University of Zagreb Faculty of Graphic Arts. Her research focuses on sustainability in graphic production, paper recycling and interactions of printing materials. She completed a graduate study at the University of Zagreb Faculty of Chemical Engineering and Technology, study of Environmental Engineering in 2011.\u00a0 She earned her PhD in 2018 with a dissertation topic \u201cThe influence of adhesion parameters on material and organic recycling of thermochromic prints\u201d. She teaches courses that cover areas such as sustainability in graphic engineering and design, adhesion science and polymerization processes.\u00a0<br><br>Research Areas:<br>paper recycling, sustainability, biodegradation, adhesion science<br><br>Link: <br><a href=\"https:\/\/www.croris.hr\/osobe\/profil\/31305\">https:\/\/www.croris.hr\/osobe\/profil\/31305<\/a><\/p>\n\n\n\n<p>Contact&nbsp;<br>marina.vukoje@grf.unizg.hr&nbsp;<\/p>\n<\/div>\n<\/div>\n\n\n\n<hr class=\"wp-block-separator has-alpha-channel-opacity\" style=\"margin-top:var(--wp--preset--spacing--40);margin-bottom:var(--wp--preset--spacing--40)\"\/>\n\n\n\n<div class=\"wp-block-columns alignwide is-layout-flex wp-container-core-columns-is-layout-28f84493 wp-block-columns-is-layout-flex\">\n<div class=\"wp-block-column is-layout-flow wp-block-column-is-layout-flow\" style=\"flex-basis:33.33%\">\n<figure class=\"wp-block-image size-large\"><img loading=\"lazy\" decoding=\"async\" width=\"882\" height=\"1024\" src=\"https:\/\/cireid.grf.unizg.hr\/wp-content\/uploads\/2024\/12\/Katarina-882x1024.jpg\" alt=\"\" class=\"wp-image-25\" srcset=\"https:\/\/cireid.grf.unizg.hr\/wp-content\/uploads\/2024\/12\/Katarina-882x1024.jpg 882w, https:\/\/cireid.grf.unizg.hr\/wp-content\/uploads\/2024\/12\/Katarina-258x300.jpg 258w, https:\/\/cireid.grf.unizg.hr\/wp-content\/uploads\/2024\/12\/Katarina-768x892.jpg 768w, https:\/\/cireid.grf.unizg.hr\/wp-content\/uploads\/2024\/12\/Katarina-1322x1536.jpg 1322w, https:\/\/cireid.grf.unizg.hr\/wp-content\/uploads\/2024\/12\/Katarina-1763x2048.jpg 1763w\" sizes=\"auto, (max-width: 882px) 100vw, 882px\" \/><\/figure>\n<\/div>\n\n\n\n<div class=\"wp-block-column is-layout-flow wp-block-column-is-layout-flow\" style=\"flex-basis:66.66%\">\n<p><strong>Katarina Itri\u0107 Ivanda<br>Researcher<\/strong><\/p>\n\n\n\n<p>After completing her Physics studies at the Faculty of Science, University of Zagreb, Assist. Prof. Katarina Itric Ivanda joined the Faculty of Graphic Arts at the University of Zagreb in 2010 as an assistant in the Department of Fundamental and General Knowledge, where she continues to work. That same year, she began her doctoral studies in Graphic Technology and earned her PhD in 2016 with a dissertation \"Application of Gradient Methods in Separating Components of Halftone Dot Gain\". She teaches courses on waves, optics, fluid mechanics, holography, interaction of electromagnetic radiation with printing substrate, and non-destructive measurement methods in graphic reproduction. In collaboration with her department colleagues, she conducts research and professional work on the application of physics in graphic technology.<br><\/p>\n\n\n\n<p>Research Areas:<br>spectroscopy, ink-substrate interactions, print and paper stability, imaging<\/p>\n\n\n\n<p class=\"has-contrast-color has-text-color has-link-color wp-elements-389f0d951d1bbc180de628990cfc2a6e\">Link: <br><a href=\"https:\/\/www.croris.hr\/osobe\/profil\/29958\">https:\/\/www.croris.hr\/osobe\/profil\/29958<\/a><br><br>Contact<br>katarina.itric.ivanda@grf.unizg.hr<\/p>\n<\/div>\n<\/div>\n\n\n\n<hr class=\"wp-block-separator has-alpha-channel-opacity\" style=\"margin-top:var(--wp--preset--spacing--40);margin-bottom:var(--wp--preset--spacing--40)\"\/>\n\n\n\n<div class=\"wp-block-columns alignwide is-layout-flex wp-container-core-columns-is-layout-28f84493 wp-block-columns-is-layout-flex\">\n<div class=\"wp-block-column is-layout-flow wp-block-column-is-layout-flow\" style=\"flex-basis:33.33%\">\n<figure class=\"wp-block-image size-large\"><img loading=\"lazy\" decoding=\"async\" width=\"866\" height=\"1024\" src=\"https:\/\/cireid.grf.unizg.hr\/wp-content\/uploads\/2024\/12\/Rahela-866x1024.jpg\" alt=\"\" class=\"wp-image-27\" srcset=\"https:\/\/cireid.grf.unizg.hr\/wp-content\/uploads\/2024\/12\/Rahela-866x1024.jpg 866w, https:\/\/cireid.grf.unizg.hr\/wp-content\/uploads\/2024\/12\/Rahela-254x300.jpg 254w, https:\/\/cireid.grf.unizg.hr\/wp-content\/uploads\/2024\/12\/Rahela-768x908.jpg 768w, https:\/\/cireid.grf.unizg.hr\/wp-content\/uploads\/2024\/12\/Rahela-1300x1536.jpg 1300w, https:\/\/cireid.grf.unizg.hr\/wp-content\/uploads\/2024\/12\/Rahela-1733x2048.jpg 1733w\" sizes=\"auto, (max-width: 866px) 100vw, 866px\" \/><\/figure>\n<\/div>\n\n\n\n<div class=\"wp-block-column is-layout-flow wp-block-column-is-layout-flow\" style=\"flex-basis:66.66%\">\n<p><strong>Rahela Kul\u010dar<br>Researcher<\/strong><\/p>\n\n\n\n<p>Rahela Kul\u010dar is an Associate Professor at the University of Zagreb Faculty of Graphic Arts. Her research focuses on colorimetry and special functional inks, particularly their stability and interaction with various printing substrates. She earned her PhD in 2010 with a dissertation on the colorimetric analysis and stability parameters of UV thermochromic printing inks. She developed her expertise through professional training at the London College of Communication and the National Institute of Chemistry in Ljubljana. She also participated in the European CREATE \u2013 Colour Research for European Advanced Technology Employment project and collaborated on bilateral research initiatives with Slovenia. She teaches courses that cover areas such as analogue photography, alternative photographic processes, color perception, colorimetry and instrumental color measurement.\u00a0<\/p>\n\n\n\n<p>Research Areas:<br>specijalne funkcionalne boje, kolorimetrija, stabilnost boja, interakcije boja i podloga, percepcija i memorija boje, alternativne fotografske tehnike.<\/p>\n\n\n\n<p class=\"has-contrast-color has-text-color has-link-color wp-elements-fcda581c1ae9f0d3443f88d659dc8f37\">Link: <br><a href=\"https:\/\/www.croris.hr\/osobe\/profil\/26035\">https:\/\/www.croris.hr\/osobe\/profil\/26035<\/a><\/p>\n\n\n\n<p>Contact&nbsp;<br>rahela.kulcar@grf.unizg.hr&nbsp;<\/p>\n<\/div>\n<\/div>\n\n\n\n<hr class=\"wp-block-separator has-alpha-channel-opacity\" style=\"margin-top:var(--wp--preset--spacing--40);margin-bottom:var(--wp--preset--spacing--40)\"\/>\n\n\n\n<div class=\"wp-block-columns alignwide is-layout-flex wp-container-core-columns-is-layout-28f84493 wp-block-columns-is-layout-flex\">\n<div class=\"wp-block-column is-layout-flow wp-block-column-is-layout-flow\" style=\"flex-basis:33.33%\">\n<figure class=\"wp-block-image size-large\"><img loading=\"lazy\" decoding=\"async\" width=\"898\" height=\"1024\" src=\"https:\/\/cireid.grf.unizg.hr\/wp-content\/uploads\/2024\/12\/Daria-898x1024.jpg\" alt=\"\" class=\"wp-image-22\" srcset=\"https:\/\/cireid.grf.unizg.hr\/wp-content\/uploads\/2024\/12\/Daria-898x1024.jpg 898w, https:\/\/cireid.grf.unizg.hr\/wp-content\/uploads\/2024\/12\/Daria-263x300.jpg 263w, https:\/\/cireid.grf.unizg.hr\/wp-content\/uploads\/2024\/12\/Daria-768x876.jpg 768w, https:\/\/cireid.grf.unizg.hr\/wp-content\/uploads\/2024\/12\/Daria-1346x1536.jpg 1346w, https:\/\/cireid.grf.unizg.hr\/wp-content\/uploads\/2024\/12\/Daria-1795x2048.jpg 1795w\" sizes=\"auto, (max-width: 898px) 100vw, 898px\" \/><\/figure>\n<\/div>\n\n\n\n<div class=\"wp-block-column is-layout-flow wp-block-column-is-layout-flow\" style=\"flex-basis:66.66%\">\n<p><strong>Daria Musti\u0107<br>Researcher<\/strong><\/p>\n\n\n\n<p>Daria Musti\u0107 is an Associate Professor at the Faculty of Graphic Arts, University of Zagreb, where she researches information and communication processes in convergent media environments, with a focus on visual and media communication. She graduated in Journalism from the Faculty of Political Science and earned her PhD at the Faculty of Graphic Arts with a dissertation on the influence of graphic design on media content credibility. She began her career in 2006 at \"Presscut\" as a media content analyst and as a research assistant on a project related to media communication. She teaches courses such as Communication Studies, Visual Communications, and Business Communication at undergraduate, graduate, and postgraduate levels in Croatia and Slovenia. She has participated in projects on assistive technologies, packaging development, and generative AI models, and has served on organizational and program committees for several international conferences.<br><br>Research Areas:<br>visual communication, media communication, media literacy, and qualitative research methods in communication science<\/p>\n\n\n\n<p class=\"has-contrast-color has-text-color has-link-color wp-elements-8675fa46b7efea9d71ed0ae28aaddecf\">Link: <br><a href=\"https:\/\/www.croris.hr\/osobe\/profil\/25412\">https:\/\/www.croris.hr\/osobe\/profil\/25412<\/a><br><br>Contact<br>daria.mustic@grf.unizg.hr<\/p>\n<\/div>\n<\/div>\n\n\n\n<hr class=\"wp-block-separator has-alpha-channel-opacity\" style=\"margin-top:var(--wp--preset--spacing--40);margin-bottom:var(--wp--preset--spacing--40)\"\/>\n\n\n\n<div class=\"wp-block-columns alignwide is-layout-flex wp-container-core-columns-is-layout-28f84493 wp-block-columns-is-layout-flex\">\n<div class=\"wp-block-column is-layout-flow wp-block-column-is-layout-flow\" style=\"flex-basis:33.33%\">\n<figure class=\"wp-block-image size-large\"><img loading=\"lazy\" decoding=\"async\" width=\"929\" height=\"1024\" src=\"https:\/\/cireid.grf.unizg.hr\/wp-content\/uploads\/2024\/12\/Dorotea-929x1024.jpg\" alt=\"\" class=\"wp-image-23\" srcset=\"https:\/\/cireid.grf.unizg.hr\/wp-content\/uploads\/2024\/12\/Dorotea-929x1024.jpg 929w, https:\/\/cireid.grf.unizg.hr\/wp-content\/uploads\/2024\/12\/Dorotea-272x300.jpg 272w, https:\/\/cireid.grf.unizg.hr\/wp-content\/uploads\/2024\/12\/Dorotea-768x846.jpg 768w, https:\/\/cireid.grf.unizg.hr\/wp-content\/uploads\/2024\/12\/Dorotea-1394x1536.jpg 1394w, https:\/\/cireid.grf.unizg.hr\/wp-content\/uploads\/2024\/12\/Dorotea-1859x2048.jpg 1859w\" sizes=\"auto, (max-width: 929px) 100vw, 929px\" \/><\/figure>\n<\/div>\n\n\n\n<div class=\"wp-block-column is-layout-flow wp-block-column-is-layout-flow\" style=\"flex-basis:66.66%\">\n<p><strong>Dorotea Kova\u010devi\u0107<br>Researcher<\/strong><\/p>\n\n\n\n<p>Dorotea Kova\u010devi\u0107 works at the University of Zagreb Faculty of Graphic Arts, Department of Graphic Design and Imaging, where she holds the position of assistant professor. She teaches courses on graphic design and visual communication at undergraduate, graduate, and postgraduate levels. Her research interests focus on visual signs and their role in graphic communication in print and digital media, including eye-tracking technology as an objective measure of human visual attention. Her special interests are in the areas of packaging design and consumer safety.\nShe served as the General Secretary of Croatian Ergonomics Society, and the President of the Scientific Committee of the international conference Ergonomics 2024. Currently, she is a leader of one bilateral research cooperation.<br>Obna\u0161ala je du\u017enost glavne tajnice Hrvatskog ergonomijskog dru\u0161tva te predsjednice Znanstvenog odbora me\u0111unarodne konferencije <em>Ergonomics 2024<\/em>. Trenuta\u010dno je voditeljica bilateralne znanstveno-istra\u017eiva\u010dke suradnje.<\/p>\n\n\n\n<p>Research Areas:<br>visual perception, packaging, ergonomics, eye tracking, pictograms, legibility<\/p>\n\n\n\n<p class=\"has-contrast-color has-text-color has-link-color wp-elements-87f7ca3824cf6816076d222e2968ab04\">Link: <br><a href=\"https:\/\/www.croris.hr\/osobe\/profil\/30228\">https:\/\/www.croris.hr\/osobe\/profil\/30228<\/a><\/p>\n\n\n\n<p>Contact<br>dorotea.kovacevic@grf.unizg.hr<\/p>\n<\/div>\n<\/div>\n\n\n\n<hr class=\"wp-block-separator has-alpha-channel-opacity\" style=\"margin-top:var(--wp--preset--spacing--40);margin-bottom:var(--wp--preset--spacing--40)\"\/>\n\n\n\n<div class=\"wp-block-columns alignwide is-layout-flex wp-container-core-columns-is-layout-28f84493 wp-block-columns-is-layout-flex\">\n<div class=\"wp-block-column is-layout-flow wp-block-column-is-layout-flow\" style=\"flex-basis:33.33%\">\n<figure class=\"wp-block-image size-large\"><img loading=\"lazy\" decoding=\"async\" width=\"934\" height=\"1024\" src=\"https:\/\/cireid.grf.unizg.hr\/wp-content\/uploads\/2024\/12\/Iva-934x1024.jpg\" alt=\"\" class=\"wp-image-24\" srcset=\"https:\/\/cireid.grf.unizg.hr\/wp-content\/uploads\/2024\/12\/Iva-934x1024.jpg 934w, https:\/\/cireid.grf.unizg.hr\/wp-content\/uploads\/2024\/12\/Iva-274x300.jpg 274w, https:\/\/cireid.grf.unizg.hr\/wp-content\/uploads\/2024\/12\/Iva-768x842.jpg 768w, https:\/\/cireid.grf.unizg.hr\/wp-content\/uploads\/2024\/12\/Iva-1401x1536.jpg 1401w, https:\/\/cireid.grf.unizg.hr\/wp-content\/uploads\/2024\/12\/Iva-1868x2048.jpg 1868w\" sizes=\"auto, (max-width: 934px) 100vw, 934px\" \/><\/figure>\n<\/div>\n\n\n\n<div class=\"wp-block-column is-layout-flow wp-block-column-is-layout-flow\" style=\"flex-basis:66.66%\">\n<p><strong>Iva \u0160ar\u010devi\u0107<br>Researcher<\/strong><\/p>\n\n\n\n<p>Iva \u0160ar\u010devi\u0107 is a senior research assistant at the University of Zagreb, Faculty of Graphic Arts, at the Department of Bookbinding and Packaging. She earned her PhD in 2023 with the dissertation entitled \u201cCharacterization of Mechanical Properties of Perforated Corrugated Cardboard in order to Improve the Separation of Secondary Packaging.\u201d She is involved in teaching activities in the fields of graphic machinery and 3D technologies. Her research focuses on packaging development, with an emphasis on mechanical properties, materials and design, as well as advancements in 3D printing technologies. She is a member of the Ergonomics Society and is currently involved in a bilateral scientific research cooperation with Slovenia. She has participated in the work of organizational, technical, and program committees of several international conferences.<\/p>\n\n\n\n<p>Research Areas:<br>paper and board packaging, mechanical properties of packaging, ergonomics, 3D printing<\/p>\n\n\n\n<p class=\"has-contrast-color has-text-color has-link-color wp-elements-e2fe563b79fa104901d855c8e8e326d4\">Link: <br><a href=\"https:\/\/www.croris.hr\/osobe\/profil\/30407\">https:\/\/www.croris.hr\/osobe\/profil\/30407<\/a><\/p>\n\n\n\n<p>Contact<br>iva.sarcevic@grf.unizg.hr<\/p>\n<\/div>\n<\/div>\n\n\n\n<hr class=\"wp-block-separator has-alpha-channel-opacity\" style=\"margin-top:var(--wp--preset--spacing--40);margin-bottom:var(--wp--preset--spacing--40)\"\/>\n\n\n\n<div class=\"wp-block-columns alignwide is-layout-flex wp-container-core-columns-is-layout-28f84493 wp-block-columns-is-layout-flex\">\n<div class=\"wp-block-column is-layout-flow wp-block-column-is-layout-flow\" style=\"flex-basis:33.33%\">\n<figure class=\"wp-block-image size-large\"><img loading=\"lazy\" decoding=\"async\" width=\"811\" height=\"1024\" src=\"https:\/\/cireid.grf.unizg.hr\/wp-content\/uploads\/2025\/09\/Josip-811x1024.jpg\" alt=\"\" class=\"wp-image-205\" srcset=\"https:\/\/cireid.grf.unizg.hr\/wp-content\/uploads\/2025\/09\/Josip-811x1024.jpg 811w, https:\/\/cireid.grf.unizg.hr\/wp-content\/uploads\/2025\/09\/Josip-238x300.jpg 238w, https:\/\/cireid.grf.unizg.hr\/wp-content\/uploads\/2025\/09\/Josip-768x970.jpg 768w, https:\/\/cireid.grf.unizg.hr\/wp-content\/uploads\/2025\/09\/Josip-1216x1536.jpg 1216w, https:\/\/cireid.grf.unizg.hr\/wp-content\/uploads\/2025\/09\/Josip-1622x2048.jpg 1622w, https:\/\/cireid.grf.unizg.hr\/wp-content\/uploads\/2025\/09\/Josip-scaled.jpg 2027w\" sizes=\"auto, (max-width: 811px) 100vw, 811px\" \/><\/figure>\n<\/div>\n\n\n\n<div class=\"wp-block-column is-layout-flow wp-block-column-is-layout-flow\" style=\"flex-basis:66.66%\">\n<p><strong>Josip Bota<\/strong><br><strong>Researcher<\/strong><\/p>\n\n\n\n<p>Josip Bota is an assistant professor at the University of Zagreb Faculty of Graphic Arts, and the Head of the Department of Graphic Design and Imaging. He graduated from the University of Zagreb Faculty of Graphic Arts, in 2009 and earned his PhD in Graphic Technology in 2017 with a dissertation on optimizing coated cardboard packaging design. He teaches courses on graphic design and packaging at undergraduate and graduate level. He has authored numerous scientific and professional papers in the fields of graphic technology, packaging design, and recyclability. In addition to research, he is actively involved in student mentorship, particularly in the areas of graphic technology, design for print, and visual communication. He is also engaged in professional associations, such as the Croatian Ergonomics.<\/p>\n\n\n\n<p>Research Areas:<br>Packaging design, packaging materials, ergonomics, graphic design<\/p>\n\n\n\n<p class=\"has-contrast-color has-text-color has-link-color wp-elements-f49f7041ca19c438b98d8c9a96ca626f\">Link:<br><a href=\"https:\/\/www.croris.hr\/osobe\/profil\/30219\">https:\/\/www.croris.hr\/osobe\/profil\/30219<\/a><\/p>\n\n\n\n<p>Link: <br>josip.bota@grf.unizg.hr<\/p>\n<\/div>\n<\/div>\n\n\n\n<hr class=\"wp-block-separator has-alpha-channel-opacity\" style=\"margin-top:var(--wp--preset--spacing--40);margin-bottom:var(--wp--preset--spacing--40)\"\/>\n\n\n\n<div class=\"wp-block-columns alignwide is-layout-flex wp-container-core-columns-is-layout-28f84493 wp-block-columns-is-layout-flex\">\n<div class=\"wp-block-column is-layout-flow wp-block-column-is-layout-flow\" style=\"flex-basis:33.33%\">\n<figure class=\"wp-block-image size-large\"><img loading=\"lazy\" decoding=\"async\" width=\"842\" height=\"1024\" src=\"https:\/\/cireid.grf.unizg.hr\/wp-content\/uploads\/2024\/12\/Teodora_1-842x1024.jpg\" alt=\"\" class=\"wp-image-28\" srcset=\"https:\/\/cireid.grf.unizg.hr\/wp-content\/uploads\/2024\/12\/Teodora_1-842x1024.jpg 842w, https:\/\/cireid.grf.unizg.hr\/wp-content\/uploads\/2024\/12\/Teodora_1-247x300.jpg 247w, https:\/\/cireid.grf.unizg.hr\/wp-content\/uploads\/2024\/12\/Teodora_1-768x934.jpg 768w, https:\/\/cireid.grf.unizg.hr\/wp-content\/uploads\/2024\/12\/Teodora_1-1263x1536.jpg 1263w, https:\/\/cireid.grf.unizg.hr\/wp-content\/uploads\/2024\/12\/Teodora_1-1684x2048.jpg 1684w\" sizes=\"auto, (max-width: 842px) 100vw, 842px\" \/><\/figure>\n<\/div>\n\n\n\n<div class=\"wp-block-column is-layout-flow wp-block-column-is-layout-flow\" style=\"flex-basis:66.66%\">\n<p><strong>Teodora Lukavski<br>PhD student<\/strong><\/p>\n\n\n\n<p>Teodora Lukavski is a PhD student and assistant at the University of Zagreb Faculty of Graphic Arts, enrolled in 2024. She earned her master's degree in Environmental Engineering at the University of Zagreb Faculty of Chemical Engineering and Technology. Apart from ecology, she has a special interest in photography and painting, exhibiting her work in these fields over the years. She started working as an assistant at the Faculty of Graphic Arts in 2021. As a part of a course on analog photography and the photographic process, she introduced students to the fundamentals of using an analog camera, darkroom, and alternative photography techniques. She has been a member of Atelieri Koprivnica since 2021.<\/p>\n\n\n\n<p>Research Areas:<br>ecology, environmental engineering, environmentally friendly coatings, alternative photographic techniques, analogue photography<\/p>\n\n\n\n<p class=\"has-contrast-color has-text-color has-link-color wp-elements-4bf2ae6253ba8d2270c08239a0c116b2\">Link: <br><a href=\"https:\/\/www.croris.hr\/osobe\/profil\/47504\">https:\/\/www.croris.hr\/osobe\/profil\/47504<\/a><\/p>\n\n\n\n<p>Contact<br>teodora.lukavski@grf.unizg.hr<\/p>\n<\/div>\n<\/div>","protected":false},"excerpt":{"rendered":"<p>Tomislav Cigula Voditelj projekta Tomislav Cigula started his graphic technology adventure in secondary school by learning to be a printer. He continued his development by earning graduate degree and PhD at University of Zagreb Faculty of Graphic Arts. Working career started as a teaching assistant at University of Zagreb Faculty of Graphic Arts, where he [&hellip;]<\/p>","protected":false},"author":3,"featured_media":0,"parent":0,"menu_order":0,"comment_status":"closed","ping_status":"closed","template":"","meta":{"footnotes":""},"class_list":["post-136","page","type-page","status-publish","hentry"],"_links":{"self":[{"href":"https:\/\/cireid.grf.unizg.hr\/en\/wp-json\/wp\/v2\/pages\/136","targetHints":{"allow":["GET"]}}],"collection":[{"href":"https:\/\/cireid.grf.unizg.hr\/en\/wp-json\/wp\/v2\/pages"}],"about":[{"href":"https:\/\/cireid.grf.unizg.hr\/en\/wp-json\/wp\/v2\/types\/page"}],"author":[{"embeddable":true,"href":"https:\/\/cireid.grf.unizg.hr\/en\/wp-json\/wp\/v2\/users\/3"}],"replies":[{"embeddable":true,"href":"https:\/\/cireid.grf.unizg.hr\/en\/wp-json\/wp\/v2\/comments?post=136"}],"version-history":[{"count":15,"href":"https:\/\/cireid.grf.unizg.hr\/en\/wp-json\/wp\/v2\/pages\/136\/revisions"}],"predecessor-version":[{"id":295,"href":"https:\/\/cireid.grf.unizg.hr\/en\/wp-json\/wp\/v2\/pages\/136\/revisions\/295"}],"wp:attachment":[{"href":"https:\/\/cireid.grf.unizg.hr\/en\/wp-json\/wp\/v2\/media?parent=136"}],"curies":[{"name":"wp","href":"https:\/\/api.w.org\/{rel}","templated":true}]}}